{"id":1969,"date":"2024-03-24T21:44:56","date_gmt":"2024-03-25T00:44:56","guid":{"rendered":"https:\/\/destinosdobrasil.com.br\/explorar\/?page_id=1969"},"modified":"2024-04-14T21:53:30","modified_gmt":"2024-04-15T00:53:30","slug":"vou-viajar-o-que-levar","status":"publish","type":"page","link":"https:\/\/destinosdobrasil.com.br\/explorar\/vou-viajar-o-que-levar\/","title":{"rendered":"Checklist &#8211; O que levar?"},"content":{"rendered":"\n    <div id=\"ia-checklist-container\">\n        <div id=\"loading\" style=\"display: none;\"><center><img decoding=\"async\" src=\"https:\/\/destinosdobrasil.com.br\/explorar\/wp-content\/plugins\/checklist-com-ia\/images\/pin-pulante.gif\" width=50% alt=\"Carregando...\"><br>Intelig\u00eancia Artificial trabalhando.. <br> Aguarde.. Gerando checklist..<\/center><\/div>\n        <div id=\"ia-checklist-results\"><\/div> <!-- Aqui vamos exibir a resposta -->\n        <form id=\"ia-checklist-form\">\n\t\t<p><center><h6>Crie um checklist personalizado para a sua viagem com aux\u00edlio da IA:<\/h6><\/center><br><\/p>\n            <select id=\"ia-travel-type\" name=\"travel_type\" required>\n                <option value=\"\">Selecione o tipo de viagem...<\/option>\n                <option value=\"Acampar\">Acampar<\/option>\n                <option value=\"Montanha\">Montanha<\/option>\n                <option value=\"Praia\">Praia<\/option>\n                <option value=\"Rio \/ Lagoa\">Rio \/ Lagoa<\/option>\n                <option value=\"Velejar\">Velejar<\/option>\n                <option value=\"Viajar de avi\u00e3o\">Viajar de avi\u00e3o<\/option>\n                <option value=\"Viajar de bicicleta\">Viajar de bicicleta<\/option>\n                <option value=\"Viajar de carro\">Viajar de carro<\/option>\n                <option value=\"Viajar de cruzeiro\">Viajar de cruzeiro<\/option>\n                <option value=\"Viajar de \u00f4nibus\">Viajar de \u00f4nibus<\/option>\n            <\/select>\n            <input type=\"submit\" value=\"Gerar Checklist\">\n        <\/form>\n    <\/div>\n  <script type=\"text\/javascript\">\n    jQuery(document).ready(function($) {\n        $('#ia-checklist-form').on('submit', function(e) {\n            e.preventDefault();\n            \/\/ Exibir imagem de carregamento e rolar a p\u00e1gina para o topo\n            $('#loading').show().promise().done(function(){\n                $('html, body').animate({scrollTop: 0}, 'slow');\n            });\n            var travel_type = $('#ia-travel-type').val();\n            console.log('Travel type:', travel_type); \/\/ Verificar se o valor do tipo de viagem est\u00e1 sendo capturado corretamente\n            $.ajax({\n                type: 'POST',\n                url: 'https:\/\/destinosdobrasil.com.br\/explorar\/wp-admin\/admin-ajax.php',\n                data: {\n                    action: 'ia_checklist',\n                    travel_type: travel_type,\n                },\n                success: function(response) {\n                    $('#loading').hide(); \/\/ Ocultar imagem de carregamento\n                    console.log('Response:', response); \/\/ Verificar se a resposta da API est\u00e1 sendo recebida corretamente\n                    if (response.success) {\n                        \/\/ Formatar a resposta do checklist antes de exibir\n                        var formatted_response = response.data.message;\n                        $('#ia-checklist-results').html(formatted_response);\n                    } else {\n                        $('#ia-checklist-results').html('Erro: ' + response.data);\n                    }\n                },\n                error: function(xhr, status, error) {\n                    $('#loading').hide(); \/\/ Ocultar imagem de carregamento em caso de erro\n                    console.log('Error:', error); \/\/ Verificar se h\u00e1 erros na solicita\u00e7\u00e3o AJAX\n                    $('#ia-checklist-results').html('Erro ao enviar a solicita\u00e7\u00e3o: ' + error);\n                }\n            });\n        });\n    });\n<\/script>\n\n    \n\n\n\n<div class=\"wp-block-group\"><div class=\"wp-block-group__inner-container is-layout-constrained wp-block-group-is-layout-constrained\">\n<p class=\"has-text-align-center\">A IA \u00e9 uma assist\u00eancia, mas \u00e9 importante usar sua sensibilidade para avaliar as sugest\u00f5es<\/p>\n<\/div><\/div>\n","protected":false},"excerpt":{"rendered":"<p>A IA \u00e9 uma assist\u00eancia, mas \u00e9 importante usar sua sensibilidade para avaliar as sugest\u00f5es<\/p>\n","protected":false},"author":1,"featured_media":2076,"parent":0,"menu_order":0,"comment_status":"closed","ping_status":"closed","template":"","meta":{"_acf_changed":false,"footnotes":""},"class_list":["post-1969","page","type-page","status-publish","has-post-thumbnail","hentry"],"acf":[],"aioseo_notices":[],"_links":{"self":[{"href":"https:\/\/destinosdobrasil.com.br\/explorar\/wp-json\/wp\/v2\/pages\/1969","targetHints":{"allow":["GET"]}}],"collection":[{"href":"https:\/\/destinosdobrasil.com.br\/explorar\/wp-json\/wp\/v2\/pages"}],"about":[{"href":"https:\/\/destinosdobrasil.com.br\/explorar\/wp-json\/wp\/v2\/types\/page"}],"author":[{"embeddable":true,"href":"https:\/\/destinosdobrasil.com.br\/explorar\/wp-json\/wp\/v2\/users\/1"}],"replies":[{"embeddable":true,"href":"https:\/\/destinosdobrasil.com.br\/explorar\/wp-json\/wp\/v2\/comments?post=1969"}],"version-history":[{"count":55,"href":"https:\/\/destinosdobrasil.com.br\/explorar\/wp-json\/wp\/v2\/pages\/1969\/revisions"}],"predecessor-version":[{"id":2295,"href":"https:\/\/destinosdobrasil.com.br\/explorar\/wp-json\/wp\/v2\/pages\/1969\/revisions\/2295"}],"wp:featuredmedia":[{"embeddable":true,"href":"https:\/\/destinosdobrasil.com.br\/explorar\/wp-json\/wp\/v2\/media\/2076"}],"wp:attachment":[{"href":"https:\/\/destinosdobrasil.com.br\/explorar\/wp-json\/wp\/v2\/media?parent=1969"}],"curies":[{"name":"wp","href":"https:\/\/api.w.org\/{rel}","templated":true}]}}