{"id":2404,"date":"2024-06-29T02:16:45","date_gmt":"2024-06-29T05:16:45","guid":{"rendered":"https:\/\/destinosdobrasil.com.br\/explorar\/?page_id=2404"},"modified":"2025-02-17T00:42:53","modified_gmt":"2025-02-17T03:42:53","slug":"linha-do-tempo-coalizao-brasil","status":"publish","type":"page","link":"https:\/\/destinosdobrasil.com.br\/explorar\/linha-do-tempo-coalizao-brasil\/","title":{"rendered":"Linha do Tempo &#8211; Coaliz\u00e3o Brasil"},"content":{"rendered":"\n\n\n<p class=\"mtl-timeline-texto-inicial\">Os primeiros passos da Coaliz\u00e3o Brasil Clima, Florestas e Agricultura foram dados em dezembro de 2014 e sua funda\u00e7\u00e3o oficial aconteceu em 24 de junho de 2015, com o lan\u00e7amento do Documento-base do movimento, \u00e0s v\u00e9speras da COP 21, a Confer\u00eancia das Na\u00e7\u00f5es Unidas sobre as Mudan\u00e7as Clim\u00e1ticas, quando foi firmado o Acordo de Paris.<\/p>\n\n\n\n<p class=\"mtl-timeline-texto-inicial\">Nesta linha do tempo, apresentamos os principais marcos, conquistas e iniciativas da Coaliz\u00e3o ao longo dos anos, evidenciando seu compromisso com a adapta\u00e7\u00e3o \u00e0s mudan\u00e7as clim\u00e1ticas.<\/p>\n\n\n<p>[mero-linhadotempo]<\/p>\n","protected":false},"excerpt":{"rendered":"<p>Os primeiros passos da Coaliz\u00e3o Brasil Clima, Florestas e Agricultura foram dados em dezembro de<\/p>\n","protected":false},"author":1,"featured_media":0,"parent":0,"menu_order":0,"comment_status":"closed","ping_status":"closed","template":"template-timeline.php","meta":{"_acf_changed":false,"footnotes":""},"class_list":["post-2404","page","type-page","status-publish","hentry"],"acf":[],"aioseo_notices":[],"_links":{"self":[{"href":"https:\/\/destinosdobrasil.com.br\/explorar\/wp-json\/wp\/v2\/pages\/2404","targetHints":{"allow":["GET"]}}],"collection":[{"href":"https:\/\/destinosdobrasil.com.br\/explorar\/wp-json\/wp\/v2\/pages"}],"about":[{"href":"https:\/\/destinosdobrasil.com.br\/explorar\/wp-json\/wp\/v2\/types\/page"}],"author":[{"embeddable":true,"href":"https:\/\/destinosdobrasil.com.br\/explorar\/wp-json\/wp\/v2\/users\/1"}],"replies":[{"embeddable":true,"href":"https:\/\/destinosdobrasil.com.br\/explorar\/wp-json\/wp\/v2\/comments?post=2404"}],"version-history":[{"count":18,"href":"https:\/\/destinosdobrasil.com.br\/explorar\/wp-json\/wp\/v2\/pages\/2404\/revisions"}],"predecessor-version":[{"id":2581,"href":"https:\/\/destinosdobrasil.com.br\/explorar\/wp-json\/wp\/v2\/pages\/2404\/revisions\/2581"}],"wp:attachment":[{"href":"https:\/\/destinosdobrasil.com.br\/explorar\/wp-json\/wp\/v2\/media?parent=2404"}],"curies":[{"name":"wp","href":"https:\/\/api.w.org\/{rel}","templated":true}]}}